{"id":4821,"date":"2025-11-12T11:15:11","date_gmt":"2025-11-12T10:15:11","guid":{"rendered":"https:\/\/weserpool.com\/produkt\/solum-margelle-de-piscine-bombee-element-arrondi-interieur-r-122\/"},"modified":"2026-02-12T11:46:00","modified_gmt":"2026-02-12T10:46:00","slug":"solum-margelle-de-piscine-bombee-element-arrondi-interieur-r-122","status":"publish","type":"product","link":"https:\/\/weserpool.com\/fr\/produkt\/solum-margelle-de-piscine-bombee-element-arrondi-interieur-r-122\/","title":{"rendered":"Solum margelle de piscine bomb\u00e9e \u00e9l\u00e9ment arrondi int\u00e9rieur R 122"},"content":{"rendered":"<div>\n<p>La margelle de piscine Solum bomb\u00e9e \u00e9l\u00e9ment arrondi int\u00e9rieur R 122 est la solution id\u00e9ale pour les piscines rondes d&#8217;un diam\u00e8tre d&#8217;environ 2,40 \u00e0 2,50 m\u00e8tres. Cette margelle de piscine pr\u00e9cise cr\u00e9e des courbes harmonieuses dans votre margelle de piscine, combinant un aspect attrayant et une utilisation pratique. Disponible dans la nuance Champagne, cet \u00e9l\u00e9ment convainc par sa fabrication de premi\u00e8re qualit\u00e9 et son aspect authentique de pierre naturelle. <\/p>\n<\/div>\n<div>\n<p id=\"message\"><strong>Particularit\u00e9 :<\/strong> le bord anti-\u00e9claboussures int\u00e9gr\u00e9 garantit que l&#8217;eau de pluie est \u00e9vacu\u00e9e en toute s\u00e9curit\u00e9 de la terrasse et ne peut pas s&#8217;\u00e9couler dans la piscine.<\/p>\n<\/div>\n","protected":false},"excerpt":{"rendered":"<p>La margelle de piscine Solum bomb\u00e9e \u00e9l\u00e9ment arrondi int\u00e9rieur R 122 est la solution id\u00e9ale pour les piscines rondes d&#8217;un diam\u00e8tre d&#8217;environ 2,40 \u00e0 2,50 m\u00e8tres. Cette margelle de piscine pr\u00e9cise cr\u00e9e des courbes harmonieuses dans votre margelle de piscine, combinant un aspect attrayant et une utilisation pratique. Disponible dans la nuance Champagne, cet \u00e9l\u00e9ment [&hellip;]<\/p>\n","protected":false},"featured_media":4406,"template":"","meta":{"_acf_changed":false},"product_brand":[],"product_cat":[185],"product_tag":[],"class_list":{"0":"post-4821","1":"product","2":"type-product","3":"status-publish","4":"has-post-thumbnail","6":"product_cat-pierre-de-rebord-du-bassin","7":"pa_color-champagne-fr","8":"pa_masse-in-cm-l-x-b-x-h-470-x-330-x-32-65","9":"pa_pool-durchmesser-in-m-2-4-fr","10":"pa_suitable-for-pool-shape-ovale","11":"pa_suitable-for-pool-shape-rond","13":"first","14":"instock","15":"taxable","16":"shipping-taxable","17":"purchasable","18":"product-type-variable"},"acf":[],"_links":{"self":[{"href":"https:\/\/weserpool.com\/fr\/wp-json\/wp\/v2\/product\/4821","targetHints":{"allow":["GET"]}}],"collection":[{"href":"https:\/\/weserpool.com\/fr\/wp-json\/wp\/v2\/product"}],"about":[{"href":"https:\/\/weserpool.com\/fr\/wp-json\/wp\/v2\/types\/product"}],"wp:featuredmedia":[{"embeddable":true,"href":"https:\/\/weserpool.com\/fr\/wp-json\/wp\/v2\/media\/4406"}],"wp:attachment":[{"href":"https:\/\/weserpool.com\/fr\/wp-json\/wp\/v2\/media?parent=4821"}],"wp:term":[{"taxonomy":"product_brand","embeddable":true,"href":"https:\/\/weserpool.com\/fr\/wp-json\/wp\/v2\/product_brand?post=4821"},{"taxonomy":"product_cat","embeddable":true,"href":"https:\/\/weserpool.com\/fr\/wp-json\/wp\/v2\/product_cat?post=4821"},{"taxonomy":"product_tag","embeddable":true,"href":"https:\/\/weserpool.com\/fr\/wp-json\/wp\/v2\/product_tag?post=4821"}],"curies":[{"name":"wp","href":"https:\/\/api.w.org\/{rel}","templated":true}]}}