{"id":3291,"date":"2025-03-24T15:00:59","date_gmt":"2025-03-24T14:00:59","guid":{"rendered":"https:\/\/weserpool.com\/produkt\/element-solum-rond-interieur-r-160\/"},"modified":"2026-02-05T18:07:22","modified_gmt":"2026-02-05T17:07:22","slug":"element-solum-rond-interieur-r-160","status":"publish","type":"product","link":"https:\/\/weserpool.com\/fr\/produkt\/element-solum-rond-interieur-r-160\/","title":{"rendered":"\u00c9l\u00e9ment Solum Rond int\u00e9rieur R 160"},"content":{"rendered":"<p>La margelle de piscine R 160 pour les piscines rondes de 3,20 m\u00e8tres de diam\u00e8tre.<\/p>\n","protected":false},"excerpt":{"rendered":"<p>La margelle de piscine R 160 pour les piscines rondes de 3,20 m\u00e8tres de diam\u00e8tre.<\/p>\n","protected":false},"featured_media":1874,"template":"","meta":{"_acf_changed":false},"product_brand":[],"product_cat":[185],"product_tag":[],"class_list":{"0":"post-3291","1":"product","2":"type-product","3":"status-publish","4":"has-post-thumbnail","6":"product_cat-pierre-de-rebord-du-bassin","7":"pa_color-champagne-fr","8":"pa_color-gris-naturel","9":"pa_color-gris-perle","10":"pa_masse-in-cm-l-x-b-x-h-490-x-310-x-32-fr","11":"pa_pool-durchmesser-in-m-3-2-fr","12":"pa_suitable-for-pool-shape-ovale","13":"pa_suitable-for-pool-shape-rond","15":"first","16":"instock","17":"taxable","18":"shipping-taxable","19":"purchasable","20":"product-type-variable"},"acf":[],"_links":{"self":[{"href":"https:\/\/weserpool.com\/fr\/wp-json\/wp\/v2\/product\/3291","targetHints":{"allow":["GET"]}}],"collection":[{"href":"https:\/\/weserpool.com\/fr\/wp-json\/wp\/v2\/product"}],"about":[{"href":"https:\/\/weserpool.com\/fr\/wp-json\/wp\/v2\/types\/product"}],"wp:featuredmedia":[{"embeddable":true,"href":"https:\/\/weserpool.com\/fr\/wp-json\/wp\/v2\/media\/1874"}],"wp:attachment":[{"href":"https:\/\/weserpool.com\/fr\/wp-json\/wp\/v2\/media?parent=3291"}],"wp:term":[{"taxonomy":"product_brand","embeddable":true,"href":"https:\/\/weserpool.com\/fr\/wp-json\/wp\/v2\/product_brand?post=3291"},{"taxonomy":"product_cat","embeddable":true,"href":"https:\/\/weserpool.com\/fr\/wp-json\/wp\/v2\/product_cat?post=3291"},{"taxonomy":"product_tag","embeddable":true,"href":"https:\/\/weserpool.com\/fr\/wp-json\/wp\/v2\/product_tag?post=3291"}],"curies":[{"name":"wp","href":"https:\/\/api.w.org\/{rel}","templated":true}]}}