{"id":2936,"date":"2025-02-07T08:06:21","date_gmt":"2025-02-07T07:06:21","guid":{"rendered":"https:\/\/weserpool.com\/series-de-produits\/margo\/"},"modified":"2025-04-02T00:56:25","modified_gmt":"2025-04-01T22:56:25","slug":"margo","status":"publish","type":"page","link":"https:\/\/weserpool.com\/fr\/series-de-produits\/margo\/","title":{"rendered":"Margo"},"content":{"rendered":"<div class=\"wpb-content-wrapper\"><p>[vc_row bg_element=&#8221;padding_top_bottom&#8221;][vc_column width=&#8221;1\/2&#8243; offset=&#8221;vc_col-lg-6&#8243;][vc_column_text]Cr\u00e9ez un espace de baignade \u00e9l\u00e9gant dans un gris perle raffin\u00e9 qui se distingue par ses lignes \u00e9pur\u00e9es. Laissez libre cours \u00e0 votre cr\u00e9ativit\u00e9 et cr\u00e9ez des accents exceptionnels qui transformeront votre espace piscine en un paradis styl\u00e9. L&#8217;\u00e9l\u00e9gance et la fonctionnalit\u00e9 s&#8217;unissent dans un ensemble harmonieux qui r\u00e9pond aux plus hautes exigences.[\/vc_column_text][\/vc_column][vc_column width=&#8221;1\/2&#8243;][vc_column_text]<strong>Variantes de couleurs<\/strong>[\/vc_column_text][vc_row_inner][vc_column_inner width=&#8221;1\/3&#8243;]<div class=\"icon__box icon__boxwaehlen icon__boxwaehlen no_bg\">\n\t\t\t\n\t\t\t\t<div class=\"icon\"><img decoding=\"async\" src=\"https:\/\/weserpool.com\/wp-content\/uploads\/2025\/01\/farbe_perlgrau.jpg\" alt=\"Gris perle\"\/><\/div>\n\t\t\t\t<div class=\"icon__box-content\">\n\t\t\t\t\t<p><b class=\"title\">Gris perle<\/b><\/p>\n\t\t\t\t\t\n\t\t\t\t\t\n\t\t\t\t<\/div>\n            \n\t\t<\/div>[\/vc_column_inner][vc_column_inner width=&#8221;1\/3&#8243;][\/vc_column_inner][vc_column_inner width=&#8221;1\/3&#8243;][\/vc_column_inner][\/vc_row_inner][\/vc_column][\/vc_row][vc_row][vc_column]<div class=\"woocommerce columns-4 \"><\/div>[\/vc_column][\/vc_row][vc_row bg_element=&#8221;padding_top_bottom&#8221;][vc_column]<div class=\"gallery-grid\">\n\t\t\t\t\t\t\t\t<div class=\"grid-item item-0\">\n\t\t\t\t\t\t\t\t\t<img decoding=\"async\" alt=\"Pool mit Margo Beckenrandsteinen vor einem wei\u00dfen Haus\" src=\"https:\/\/weserpool.com\/wp-content\/uploads\/2025\/02\/margo_01.jpg\"\/>\n\t\t\t\t\t\t\t\t<\/div>\n\t\t\t\t\t\t\t\t\n\t\t\t\t\t\t\t\t<div class=\"grid-item item-1\">\n\t\t\t\t\t\t\t\t\t<img decoding=\"async\" alt=\"Rundpool mit Margo Beckenrandsteinen\u00a0\" src=\"https:\/\/weserpool.com\/wp-content\/uploads\/2025\/02\/margo_02.jpg\"\/>\n\t\t\t\t\t\t\t\t<\/div>\n\t\t\t\t\t\t\t\t\n\t\t\t\t\t\t\t\t<div class=\"grid-item item-2\">\n\t\t\t\t\t\t\t\t\t<img decoding=\"async\" alt=\"Eckiger Pool mit Margo Beckenrandsteinen in Garten\" src=\"https:\/\/weserpool.com\/wp-content\/uploads\/2025\/02\/margo_03.jpg\"\/>\n\t\t\t\t\t\t\t\t<\/div>\n\t\t\t\t\t\t\t\t<\/div>[\/vc_column][\/vc_row]<\/p>\n<\/div>","protected":false},"excerpt":{"rendered":"<p>[vc_row bg_element=&#8221;padding_top_bottom&#8221;][vc_column width=&#8221;1\/2&#8243; offset=&#8221;vc_col-lg-6&#8243;][vc_column_text]Cr\u00e9ez un espace de baignade \u00e9l\u00e9gant dans un gris perle raffin\u00e9 qui se distingue par ses lignes \u00e9pur\u00e9es. Laissez libre cours \u00e0 votre cr\u00e9ativit\u00e9 et cr\u00e9ez des accents exceptionnels qui transformeront votre espace piscine en un paradis styl\u00e9. L&#8217;\u00e9l\u00e9gance et la fonctionnalit\u00e9 s&#8217;unissent dans un ensemble harmonieux qui r\u00e9pond aux plus hautes [&hellip;]<\/p>\n","protected":false},"author":1,"featured_media":0,"parent":2881,"menu_order":0,"comment_status":"closed","ping_status":"closed","template":"","meta":{"_acf_changed":false,"footnotes":""},"class_list":["post-2936","page","type-page","status-publish","hentry"],"acf":[],"_links":{"self":[{"href":"https:\/\/weserpool.com\/fr\/wp-json\/wp\/v2\/pages\/2936","targetHints":{"allow":["GET"]}}],"collection":[{"href":"https:\/\/weserpool.com\/fr\/wp-json\/wp\/v2\/pages"}],"about":[{"href":"https:\/\/weserpool.com\/fr\/wp-json\/wp\/v2\/types\/page"}],"author":[{"embeddable":true,"href":"https:\/\/weserpool.com\/fr\/wp-json\/wp\/v2\/users\/1"}],"replies":[{"embeddable":true,"href":"https:\/\/weserpool.com\/fr\/wp-json\/wp\/v2\/comments?post=2936"}],"version-history":[{"count":0,"href":"https:\/\/weserpool.com\/fr\/wp-json\/wp\/v2\/pages\/2936\/revisions"}],"up":[{"embeddable":true,"href":"https:\/\/weserpool.com\/fr\/wp-json\/wp\/v2\/pages\/2881"}],"wp:attachment":[{"href":"https:\/\/weserpool.com\/fr\/wp-json\/wp\/v2\/media?parent=2936"}],"curies":[{"name":"wp","href":"https:\/\/api.w.org\/{rel}","templated":true}]}}